{"id":923,"date":"2024-11-03T14:07:29","date_gmt":"2024-11-03T14:07:29","guid":{"rendered":"https:\/\/openbeatz.de\/?page_id=316"},"modified":"2026-02-09T14:22:33","modified_gmt":"2026-02-09T13:22:33","slug":"contact","status":"publish","type":"page","link":"https:\/\/openbeatz.de\/en\/contact\/","title":{"rendered":"Contact"},"content":{"rendered":"<div class=\"wp-block-group is-layout-flow wp-block-group-is-layout-flow\" style=\"margin-top:0;margin-bottom:0\">\n<div class=\"wp-block-cover aligncenter has-custom-content-position is-position-bottom-center hero-height-fix has-base-color has-text-color has-link-color wp-elements-7a407375596187e77b067eacbfaa5e76\" style=\"margin-top:0;margin-bottom:0;padding-top:var(--wp--preset--spacing--70);padding-right:0;padding-bottom:var(--wp--preset--spacing--70);padding-left:0;min-height:768px;aspect-ratio:unset;\"><img fetchpriority=\"high\" decoding=\"async\" width=\"1024\" height=\"577\" class=\"wp-block-cover__image-background wp-image-3914 size-large\" alt=\"\" src=\"https:\/\/openbeatz.de\/wp-content\/uploads\/2026\/02\/OB24_07_26_Guillermo_Falavigna_05954-1024x577.jpg\" data-object-fit=\"cover\" srcset=\"https:\/\/openbeatz.de\/wp-content\/uploads\/2026\/02\/OB24_07_26_Guillermo_Falavigna_05954-1024x577.jpg 1024w, https:\/\/openbeatz.de\/wp-content\/uploads\/2026\/02\/OB24_07_26_Guillermo_Falavigna_05954-300x169.jpg 300w, https:\/\/openbeatz.de\/wp-content\/uploads\/2026\/02\/OB24_07_26_Guillermo_Falavigna_05954-768x432.jpg 768w, https:\/\/openbeatz.de\/wp-content\/uploads\/2026\/02\/OB24_07_26_Guillermo_Falavigna_05954-1536x865.jpg 1536w, https:\/\/openbeatz.de\/wp-content\/uploads\/2026\/02\/OB24_07_26_Guillermo_Falavigna_05954-18x10.jpg 18w, https:\/\/openbeatz.de\/wp-content\/uploads\/2026\/02\/OB24_07_26_Guillermo_Falavigna_05954.jpg 1920w\" sizes=\"(max-width: 1024px) 100vw, 1024px\" \/><span aria-hidden=\"true\" class=\"wp-block-cover__background has-contrast-2-background-color has-background-dim-30 has-background-dim\"><\/span><div class=\"wp-block-cover__inner-container has-global-padding is-layout-constrained wp-container-core-cover-is-layout-2dc0b762 wp-block-cover-is-layout-constrained\">\n<div class=\"wp-block-group alignwide is-layout-flow wp-container-core-group-is-layout-a77db08e wp-block-group-is-layout-flow\">\n<h1 class=\"wp-block-heading has-text-align-left\" style=\"margin-top:0;margin-right:0;margin-bottom:0;margin-left:0;padding-top:0;padding-right:0;padding-bottom:0;padding-left:0;font-size:clamp(46.18px, 2.886rem + ((1vw - 3.2px) * 3.199), 90px);\">Contact <\/h1>\n<\/div>\n\n\n\n<figure class=\"wp-block-image aligncenter size-full is-resized is-hidden--tablet is-hidden--desktop\"><img decoding=\"async\" src=\"https:\/\/openbeatz.de\/wp-content\/themes\/obf\/assets\/icons\/chevron.webp\" alt=\"Chevron\" style=\"object-fit:contain;width:60px;height:60px\"\/><\/figure>\n<\/div><\/div>\n<\/div>\n\n\n\n<div class=\"wp-block-group alignfull has-base-color has-contrast-2-background-color has-text-color has-background has-link-color wp-elements-dabe59f1fa1c382ff6aa1cd0834edeff has-global-padding is-layout-constrained wp-container-core-group-is-layout-a98baf66 wp-block-group-is-layout-constrained\" style=\"margin-top:0;margin-bottom:0;padding-top:var(--wp--preset--spacing--70);padding-right:0;padding-bottom:var(--wp--preset--spacing--70);padding-left:0\">\n<div class=\"wp-block-group alignfull has-global-padding is-layout-constrained wp-container-core-group-is-layout-c19476fc wp-block-group-is-layout-constrained\">\n<h2 class=\"wp-block-heading has-base-color has-text-color has-link-color wp-elements-5477dd67f9e814f2a5fdae3c10c5e0a7\" style=\"margin-top:0;margin-right:0;margin-bottom:0;margin-left:0;font-size:clamp(1.352rem, 1.352rem + ((1vw - 0.2rem) * 0.99), 2.2rem);\">\n\t\t\tGENERAL QUESTIONS        <\/h2>\n\n\n\n<p>Do you have questions that are not answered in our information? Then please send us an e-mail with your request to <a href=\"mailto:office@openbeatz.de\">office@openbeatz.de<\/a>. <\/p>\n\n\n\n<p>We will get back to you as soon as possible.<\/p>\n<\/div>\n\n\n\n<div class=\"wp-block-group alignfull has-global-padding is-layout-constrained wp-container-core-group-is-layout-c19476fc wp-block-group-is-layout-constrained\">\n<h2 class=\"wp-block-heading has-base-color has-text-color has-link-color wp-elements-6bfddcf007bfee9201ac239e106a0ddb\" style=\"margin-top:0;margin-right:0;margin-bottom:0;margin-left:0;font-size:clamp(1.352rem, 1.352rem + ((1vw - 0.2rem) * 0.99), 2.2rem);\">\n\t\t\tQUESTIONS ABOUT TICKETING        <\/h2>\n\n\n\n<p>\n\t\t\tDo you have further questions about your ticket that are not yet answered in our information? Our ticket partner TicketPAY will be happy to help you.        <\/p>\n\n\n\n<p>\n\t\t\tWebsite:            <a href=\"http:\/\/www.ticketpay.de\">www.ticketpay.de<\/a><br>E-Mail:            <a href=\"mailto:help@ticketpay.de\">help@ticketpay.de<\/a><br>Phone:            +49 (0) 2381 \u2013 33 898 44\n        <\/p>\n\n\n\n<p>Alternatively, you can also send us an e-mail to <a href=\"mailto:ticket@openbeatz.de\">ticket@openbeatz.de<\/a> . It is important that you always write your order number and the e-mail address you used to purchase the tickets in the subject line. This allows us to better allocate your request and help you more quickly.<\/p>\n<\/div>\n\n\n\n<div class=\"wp-block-group alignfull has-global-padding is-layout-constrained wp-container-core-group-is-layout-c19476fc wp-block-group-is-layout-constrained\">\n<h2 class=\"wp-block-heading has-base-color has-text-color has-link-color wp-elements-a295c9aba73855267a44e3347bc1b1a4\" style=\"margin-top:0;margin-right:0;margin-bottom:0;margin-left:0;font-size:clamp(1.352rem, 1.352rem + ((1vw - 0.2rem) * 0.99), 2.2rem);\">\n\t\t\tMEDIA \/ PRESS ENQUIRIES        <\/h2>\n\n\n\n<p>In unserem Medienbereich findest du alle wichtigen Infos sowie Bild- und Videomaterial und ein Formular zur Akkreditierung. Solltest du dar\u00fcber hinaus noch Fragen haben, wende dich bitte an <a href=\"mailto:press@openbeatz.de\">press@openbeatz.de<\/a><\/p>\n<\/div>\n\n\n\n<div class=\"wp-block-group alignfull has-global-padding is-layout-constrained wp-container-core-group-is-layout-64245686 wp-block-group-is-layout-constrained\" style=\"padding-right:var(--wp--preset--spacing--50);padding-left:var(--wp--preset--spacing--50)\">\n<h2 class=\"wp-block-heading has-base-color has-text-color has-link-color wp-elements-52a88774131f0c3aefd02778cb8101ce\" style=\"margin-top:0;margin-right:0;margin-bottom:0;margin-left:0;font-size:clamp(1.352rem, 1.352rem + ((1vw - 0.2rem) * 0.99), 2.2rem);\">\n\t\t\tSPONSORING &amp; COOPERATION ENQUIRIES        <\/h2>\n\n\n\n<p>For enquiries about cooperation and\/or sponsorship opportunities, please contact <a href=\"mailto:kooperation@openbeatz.de\">kooperation@openbeatz.de<\/a>.<\/p>\n<\/div>\n\n\n\n<div class=\"wp-block-group alignfull has-global-padding is-layout-constrained wp-container-core-group-is-layout-c19476fc wp-block-group-is-layout-constrained\">\n<h2 class=\"wp-block-heading has-base-color has-text-color has-link-color wp-elements-ba24e34a536f747ed24c1b9f6c217457\" style=\"margin-top:0;margin-right:0;margin-bottom:0;margin-left:0;font-size:clamp(1.352rem, 1.352rem + ((1vw - 0.2rem) * 0.99), 2.2rem);\">\n\t\t\tRESIDENTS        <\/h2>\n\n\n\n<p>Are you a resident of H\u00f6fen, Zweifelsheim, Puschendorf, Tuchenbach, Pirkach or Mausdorf? Then you will receive a 50% discount on your tickets as a small thank you for your understanding in previous years and as compensation for minor inconveniences that may have occurred during the festival. <\/p>\n\n\n\n<p>\n\t\t\tFor your discounted tickets, simply send us an e-mail to            <a href=\"mailto:anwohnerinfo@openbeatz.de\">anwohnerinfo@openbeatz.de<\/a>\n        <\/p>\n\n\n\n<div class=\"wp-block-group is-layout-flow wp-block-group-is-layout-flow\">\n<p>\n\t\t\t\tSubject: Resident Discount \u2013 First and Last Name            <\/p>\n\n\n\n<p>\n\t\t\t\tFront and back of your ID card            <\/p>\n\n\n\n<p>The processing time is 7\u201310 business days. Applications must be submitted no later than July 15, 2026. Applications submitted after this deadline cannot be processed. The tickets are non-transferable and may not be resold. For feedback, suggestions for improvement, or complaints, you are also welcome to email us at any time. <\/p>\n<\/div>\n<\/div>\n<\/div>","protected":false},"excerpt":{"rendered":"<p>ALLGEMEINE FRAGEN Du hast Fragen, die nicht in unseren Infos beantwortet werden? Dann schreib uns gerne eine E-Mail mit deinem Anliegen an office@openbeatz.de. Wir melden uns dann schnellstm\u00f6glich bei dir. FRAGEN ZUM TICKETING Du hast weitere Fragen zu deinem Ticket, die in unseren Infos noch nicht beantwortet sind? Unser Ticketpartner TicketPAY ist gerne f\u00fcr dich da. Website: www.ticketpay.deE-Mail: help@ticketpay.deTelefon: +49 (0) 2381 \u2013 33 898 44 Alternativ kannst du uns aber auch eine E-Mail an ticket@openbeatz.de schicken. Wichtig dabei ist, dass du immer deine Bestellnummer und E-Mail-Adresse, mit der du die Tickets gekauft hast, in den Betreff schreibst. Dadurch k\u00f6nnen wir dein Anliegen besser zuordnen und somit schneller helfen. ANFRAGEN MEDIEN \/ PRESSE In unserem Medienbereich findest du alle wichtigen Infos sowie Bild- und Videomaterial und ein Formular zur Akkreditierung. Solltest du dar\u00fcber hinaus noch Fragen haben, wende dich bitte an press@openbeatz.de SPONSORING- &amp; KOOPERATIONSANFRAGEN Bei Anfragen zu Kooperationen und\/oder Sponsoringm\u00f6glichkeiten wenden Sie sich bitte an kooperation@openbeatz.de. ANWOHNER\/INNEN Du bist Anwohner:in aus H\u00f6fen, Zweifelsheim, Puschendorf, Tuchenbach, Pirkach oder Mausdorf? Dann erh\u00e4ltst du 50% Rabatt auf deine Tickets als kleines Dankesch\u00f6n f\u00fcr dein Verst\u00e4ndnis in den vergangenen Jahren und als Entsch\u00e4digung f\u00fcr kleinere Unannehmlichkeiten, die w\u00e4hrend dem Festival entstanden sind. F\u00fcr deine verg\u00fcnstigten Tickets schreib uns einfach eine E-Mail an anwohnerinfo@openbeatz.de Betreff: Anwohnerrabatt \u2013 Vor- und Nachname Vorder- und R\u00fcckseite deines Personalausweises Die Bearbeitungszeit betr\u00e4gt 7-10 Werktage. Antr\u00e4ge m\u00fcssen bis sp\u00e4testens 15.07.2026 eingereicht werden. Sp\u00e4tere Antr\u00e4ge k\u00f6nnen nicht bearbeitet werden. Die Tickets sind nicht \u00fcbertragbar und k\u00f6nnen nicht weiterverkauft werden. F\u00fcr Feedback, Verbesserungsvorschl\u00e4ge oder Beanstandungen kannst du uns ebenfalls jederzeit eine E-Mail schreiben.<\/p>","protected":false},"author":1,"featured_media":0,"parent":0,"menu_order":0,"comment_status":"closed","ping_status":"closed","template":"","meta":{"_uag_custom_page_level_css":"","footnotes":""},"class_list":["post-923","page","type-page","status-publish","hentry"],"uagb_featured_image_src":{"full":false,"thumbnail":false,"medium":false,"medium_large":false,"large":false,"1536x1536":false,"2048x2048":false,"trp-custom-language-flag":false,"chaanz-webclip":false,"chaanz-hero":false},"uagb_author_info":{"display_name":"roaring_rabbit","author_link":"https:\/\/openbeatz.de\/en\/author\/roaring_rabbit\/"},"uagb_comment_info":0,"uagb_excerpt":"ALLGEMEINE FRAGEN Du hast Fragen, die nicht in unseren Infos beantwortet werden? Dann schreib uns gerne eine E-Mail mit deinem Anliegen an office@openbeatz.de. Wir melden uns dann schnellstm\u00f6glich bei dir. FRAGEN ZUM TICKETING Du hast weitere Fragen zu deinem Ticket, die in unseren Infos noch nicht beantwortet sind? Unser Ticketpartner TicketPAY ist gerne f\u00fcr dich&hellip;","_links":{"self":[{"href":"https:\/\/openbeatz.de\/en\/wp-json\/wp\/v2\/pages\/923","targetHints":{"allow":["GET"]}}],"collection":[{"href":"https:\/\/openbeatz.de\/en\/wp-json\/wp\/v2\/pages"}],"about":[{"href":"https:\/\/openbeatz.de\/en\/wp-json\/wp\/v2\/types\/page"}],"author":[{"embeddable":true,"href":"https:\/\/openbeatz.de\/en\/wp-json\/wp\/v2\/users\/1"}],"replies":[{"embeddable":true,"href":"https:\/\/openbeatz.de\/en\/wp-json\/wp\/v2\/comments?post=923"}],"version-history":[{"count":2,"href":"https:\/\/openbeatz.de\/en\/wp-json\/wp\/v2\/pages\/923\/revisions"}],"predecessor-version":[{"id":3915,"href":"https:\/\/openbeatz.de\/en\/wp-json\/wp\/v2\/pages\/923\/revisions\/3915"}],"wp:attachment":[{"href":"https:\/\/openbeatz.de\/en\/wp-json\/wp\/v2\/media?parent=923"}],"curies":[{"name":"wp","href":"https:\/\/api.w.org\/{rel}","templated":true}]}}