{"id":3363,"date":"2025-11-21T23:34:14","date_gmt":"2025-11-21T22:34:14","guid":{"rendered":"https:\/\/openbeatz.de\/?page_id=3363"},"modified":"2025-11-26T07:52:52","modified_gmt":"2025-11-26T06:52:52","slug":"glamping","status":"publish","type":"page","link":"https:\/\/openbeatz.de\/en\/camping\/glamping\/","title":{"rendered":"Deluxe Camping"},"content":{"rendered":"<div class=\"wp-block-cover aligncenter has-custom-content-position is-position-bottom-center hero-height-fix has-base-color has-text-color has-link-color wp-elements-fe851533a52ebbaac1a0a92e0866b306\" style=\"margin-top:0;margin-bottom:0;padding-top:var(--wp--preset--spacing--70);padding-right:0;padding-bottom:var(--wp--preset--spacing--70);padding-left:0;min-height:768px;aspect-ratio:unset;\"><img fetchpriority=\"high\" decoding=\"async\" width=\"1024\" height=\"768\" class=\"wp-block-cover__image-background wp-image-3432 size-large\" alt=\"\" src=\"https:\/\/openbeatz.de\/wp-content\/uploads\/2025\/11\/IMG_2075-1024x768.jpg\" data-object-fit=\"cover\"\/><span aria-hidden=\"true\" class=\"wp-block-cover__background has-contrast-2-background-color has-background-dim-30 has-background-dim\"><\/span><div class=\"wp-block-cover__inner-container has-global-padding is-layout-constrained wp-container-core-cover-is-layout-2dc0b762 wp-block-cover-is-layout-constrained\">\n<div class=\"wp-block-group hero-cover-wrap has-global-padding is-layout-constrained wp-block-group-is-layout-constrained\">\n<div class=\"wp-block-group alignwide is-layout-flow wp-container-core-group-is-layout-a77db08e wp-block-group-is-layout-flow\">\n<h1 class=\"wp-block-heading has-text-align-left\" style=\"margin-top:0;margin-right:0;margin-bottom:0;margin-left:0;padding-top:0;padding-right:0;padding-bottom:0;padding-left:0;font-size:clamp(46.18px, 2.886rem + ((1vw - 3.2px) * 3.199), 90px);\">deluxe camping<\/h1>\n\n\n\n<p class=\"has-text-align-left\" style=\"font-size:clamp(18px, 1.125rem + ((1vw - 3.2px) * 0.511), 25px);font-style:normal;font-weight:600;letter-spacing:0.15em;text-transform:uppercase\">LUXURIOUS STAYS AT OPEN BEATZ<\/p>\n<\/div>\n\n\n\n<figure class=\"wp-block-image aligncenter size-full is-resized is-hidden--tablet is-hidden--desk arrow-animationtop\"><img decoding=\"async\" src=\"https:\/\/openbeatz.de\/wp-content\/themes\/obf\/assets\/icons\/chevron.webp\" alt=\"Chevron\" style=\"object-fit:contain;width:60px;height:60px\"\/><\/figure>\n<\/div>\n<\/div><\/div>\n\n\n\n<div class=\"wp-block-group alignfull has-base-color has-contrast-2-background-color has-text-color has-background has-link-color wp-elements-8b2cd07dc64fcc8a370311a12354bb6b has-global-padding is-content-justification-center is-layout-constrained wp-container-core-group-is-layout-e3a07676 wp-block-group-is-layout-constrained\" style=\"margin-top:0;margin-bottom:0;padding-top:var(--wp--preset--spacing--80);padding-bottom:var(--wp--preset--spacing--10)\">\n<h2 class=\"wp-block-heading has-text-align-center has-base-color has-text-color has-link-color has-x-large-font-size wp-elements-32713ba77ac4edfb8b98055c72a85cc8\" style=\"margin-top:0;margin-right:0;margin-bottom:0;margin-left:0\">OPEN BEATZ deluxe CAMP<\/h2>\n\n\n\n<div class=\"wp-block-group has-global-padding is-layout-constrained wp-container-core-group-is-layout-704e782a wp-block-group-is-layout-constrained\">\n<p class=\"has-text-align-center\" style=\"font-size:clamp(18px, 1.125rem + ((1vw - 3.2px) * 0.219), 21px);font-style:normal;font-weight:800;letter-spacing:0.15em;text-transform:uppercase\"><br>WELCOME TO DELUXE CAMP \u2013 THE LUXURIOUS WAY TO CAMP AT THE OPEN BEATZ FESTIVAL<\/p>\n<\/div>\n\n\n\n<figure class=\"wp-block-image aligncenter size-full is-resized arrow-animation\"><img decoding=\"async\" src=\"https:\/\/openbeatz.de\/wp-content\/themes\/obf\/assets\/icons\/chevron.webp\" alt=\"Chevron\" style=\"object-fit:contain;width:60px;height:60px\"\/><\/figure>\n\n\n\n<div class=\"wp-block-group has-global-padding is-layout-constrained wp-container-core-group-is-layout-f09885c1 wp-block-group-is-layout-constrained\">\n<p class=\"has-text-align-center\" style=\"font-size:clamp(18px, 1.125rem + ((1vw - 3.2px) * 0.146), 20px);\">Our Deluxe Camp is ideally located on the campsite with short walking distances to the marketplace and is situated in its own exclusive area, accessible only to Deluxe campers. You can enjoy cozy accommodations with a private sanitary area, including showers and toilets, reserved solely for Deluxe campers. A wide range of Deluxe accommodations is available, ensuring everyone finds the perfect stay.<\/p>\n<\/div>\n<\/div>\n\n\n\n<div class=\"wp-block-group alignfull has-contrast-2-background-color has-background has-global-padding is-layout-constrained wp-container-core-group-is-layout-925b77e2 wp-block-group-is-layout-constrained\" style=\"margin-top:0;margin-bottom:0;padding-top:var(--wp--preset--spacing--70);padding-bottom:var(--wp--preset--spacing--70)\">\n<div id=\"easyTentWrapper\" class=\"wp-block-group is-layout-grid wp-container-core-group-is-layout-df4581a5 wp-block-group-is-layout-grid\">\n<figure class=\"wp-block-image aligncenter size-large\" id=\"deluxeZelt1\"><img decoding=\"async\" width=\"819\" height=\"1024\" src=\"https:\/\/openbeatz.de\/wp-content\/uploads\/2025\/11\/2025_11_OB_Lodge_Zelt_45-819x1024.jpg\" alt=\"\" class=\"wp-image-3364\" style=\"object-fit:contain\"\/><\/figure>\n\n\n\n<figure class=\"wp-block-image aligncenter size-large\" id=\"deluxeZelt2\"><img decoding=\"async\" width=\"819\" height=\"1024\" src=\"https:\/\/openbeatz.de\/wp-content\/uploads\/2025\/11\/2025_11_OB_Lotus_Belle_Zelt_45-819x1024.jpg\" alt=\"\" class=\"wp-image-3365\" style=\"object-fit:contain\"\/><\/figure>\n\n\n\n<figure class=\"wp-block-image aligncenter size-large\" id=\"deluxeZelt3\"><img loading=\"lazy\" decoding=\"async\" width=\"819\" height=\"1024\" src=\"https:\/\/openbeatz.de\/wp-content\/uploads\/2025\/11\/2025_11_OB_Lotus_Belle_Zelt_452-819x1024.jpg\" alt=\"\" class=\"wp-image-3366\" style=\"object-fit:contain\"\/><\/figure>\n\n\n\n<figure class=\"wp-block-image aligncenter size-large\" id=\"deluxeZelt4\"><img loading=\"lazy\" decoding=\"async\" width=\"819\" height=\"1024\" src=\"https:\/\/openbeatz.de\/wp-content\/uploads\/2025\/11\/2025_11_OB_Lotus_Belle_Zelt_453-819x1024.jpg\" alt=\"\" class=\"wp-image-3367\" style=\"object-fit:contain\"\/><\/figure>\n<\/div>\n\n\n\n<p class=\"has-text-align-center has-base-color has-text-color has-link-color wp-elements-977b7984783d6d2578e1a3fa578a4a97\" style=\"font-size:clamp(18px, 1.125rem + ((1vw - 3.2px) * 0.219), 21px);letter-spacing:0.15px\">Get your Deluxe tent by booking it directly in the <strong><a href=\"https:\/\/shop.ticketpay.de\/UFY5SWQC\">Ticket Shop<\/a><\/strong> or in your<br><strong><a href=\"https:\/\/www.ticketpay.de\/ticketportal\">MyTicket Portal<\/a> <\/strong>.<\/p>\n\n\n\n<div class=\"wp-block-buttons is-content-justification-center is-layout-flex wp-container-core-buttons-is-layout-ba9ea59f wp-block-buttons-is-layout-flex\" style=\"margin-top:var(--wp--preset--spacing--60)\">\n<div class=\"wp-block-button\"><a class=\"wp-block-button__link has-orange-background-color has-background has-text-align-center has-custom-font-size wp-element-button\" href=\"https:\/\/openbeatz.de\/en\/tickets\/\" style=\"border-radius:100px;padding-right:var(--wp--preset--spacing--60);padding-left:var(--wp--preset--spacing--60);font-size:clamp(18px, 1.125rem + ((1vw - 3.2px) * 0.438), 24px);\" target=\"_blank\" rel=\"noreferrer noopener\"><strong>TICKETSHOP<\/strong><\/a><\/div>\n\n\n\n<div class=\"wp-block-button\"><a class=\"wp-block-button__link has-orange-background-color has-background has-text-align-center has-custom-font-size wp-element-button\" href=\"https:\/\/www.ticketpay.de\/ticketportal\" style=\"border-radius:100px;padding-right:var(--wp--preset--spacing--60);padding-left:var(--wp--preset--spacing--60);font-size:clamp(18px, 1.125rem + ((1vw - 3.2px) * 0.438), 24px);\" target=\"_blank\" rel=\"noreferrer noopener\">MYTICKET PORTAL<\/a><\/div>\n<\/div>\n<\/div>","protected":false},"excerpt":{"rendered":"<p>OPEN BEATZ deluxe CAMP WILLKOMMEN IM DELUXE CAMP &#8211; Der LUXURI\u00d6SEn ART DES CAMPENS AM OPEN beatz FESTIVAL Unser Deluxe Camp liegt in bester Lage am Campingplatz mit kurzen Laufwegen zum Markplatz und befindet sich in einem eigenen, separat abgetrennten Bereich, der nur f\u00fcr Deluxe Camper zug\u00e4nglich ist. Euch erwarten gem\u00fctliche Unterk\u00fcnfte mit einem eigenen Sanit\u00e4rbereich mit Duschen und Toiletten, der nur den Deluxe Camper:innen zur Verf\u00fcgung steht. Zur Auswahl steht eine Vielzahl an Deluxe Unterk\u00fcnften &#8211; so findet jede:r die passende Unterkunft. Hol dir dein Deluxe Zelt indem du es entweder direkt im Ticketshop oder in deinemMyTicket Portal dazubuchst.<\/p>","protected":false},"author":1,"featured_media":0,"parent":931,"menu_order":0,"comment_status":"closed","ping_status":"closed","template":"","meta":{"_uag_custom_page_level_css":"","footnotes":""},"class_list":["post-3363","page","type-page","status-publish","hentry"],"yoast_head":"<!-- This site is optimized with the Yoast SEO plugin v27.5 - https:\/\/yoast.com\/product\/yoast-seo-wordpress\/ -->\n<title>Deluxe Camping - Open Beatz Festival 24.-26. Juli 2026 bei N\u00fcrnberg<\/title>\n<meta name=\"robots\" content=\"index, follow, max-snippet:-1, max-image-preview:large, max-video-preview:-1\" \/>\n<link rel=\"canonical\" href=\"https:\/\/openbeatz.de\/en\/camping\/glamping\/\" \/>\n<meta property=\"og:locale\" content=\"en_US\" \/>\n<meta property=\"og:type\" content=\"article\" \/>\n<meta property=\"og:title\" content=\"Deluxe Camping - Open Beatz Festival 24.-26. Juli 2026 bei N\u00fcrnberg\" \/>\n<meta property=\"og:description\" content=\"OPEN BEATZ deluxe CAMP WILLKOMMEN IM DELUXE CAMP &#8211; Der LUXURI\u00d6SEn ART DES CAMPENS AM OPEN beatz FESTIVAL Unser Deluxe Camp liegt in bester Lage am Campingplatz mit kurzen Laufwegen zum Markplatz und befindet sich in einem eigenen, separat abgetrennten Bereich, der nur f\u00fcr Deluxe Camper zug\u00e4nglich ist. Euch erwarten gem\u00fctliche Unterk\u00fcnfte mit einem eigenen Sanit\u00e4rbereich mit Duschen und Toiletten, der nur den Deluxe Camper:innen zur Verf\u00fcgung steht. Zur Auswahl steht eine Vielzahl an Deluxe Unterk\u00fcnften &#8211; so findet jede:r die passende Unterkunft. Hol dir dein Deluxe Zelt indem du es entweder direkt im Ticketshop oder in deinemMyTicket Portal dazubuchst.\" \/>\n<meta property=\"og:url\" content=\"https:\/\/openbeatz.de\/en\/camping\/glamping\/\" \/>\n<meta property=\"og:site_name\" content=\"Open Beatz Festival 24.-26. Juli 2026 bei N\u00fcrnberg\" \/>\n<meta property=\"article:modified_time\" content=\"2025-11-26T06:52:52+00:00\" \/>\n<meta property=\"og:image\" content=\"https:\/\/openbeatz.de\/wp-content\/uploads\/2025\/11\/IMG_2075-e1770642019208.jpg\" \/>\n\t<meta property=\"og:image:width\" content=\"1500\" \/>\n\t<meta property=\"og:image:height\" content=\"1125\" \/>\n\t<meta property=\"og:image:type\" content=\"image\/jpeg\" \/>\n<meta name=\"twitter:card\" content=\"summary_large_image\" \/>\n<meta name=\"twitter:label1\" content=\"Est. reading time\" \/>\n\t<meta name=\"twitter:data1\" content=\"1 minute\" \/>\n<script type=\"application\/ld+json\" class=\"yoast-schema-graph\">{\"@context\":\"https:\\\/\\\/schema.org\",\"@graph\":[{\"@type\":\"WebPage\",\"@id\":\"https:\\\/\\\/openbeatz.de\\\/camping\\\/glamping\\\/\",\"url\":\"https:\\\/\\\/openbeatz.de\\\/camping\\\/glamping\\\/\",\"name\":\"Deluxe Camping - Open Beatz Festival 24.-26. Juli 2026 bei N\u00fcrnberg\",\"isPartOf\":{\"@id\":\"https:\\\/\\\/openbeatz.de\\\/#website\"},\"primaryImageOfPage\":{\"@id\":\"https:\\\/\\\/openbeatz.de\\\/camping\\\/glamping\\\/#primaryimage\"},\"image\":{\"@id\":\"https:\\\/\\\/openbeatz.de\\\/camping\\\/glamping\\\/#primaryimage\"},\"thumbnailUrl\":\"https:\\\/\\\/openbeatz.de\\\/wp-content\\\/uploads\\\/2025\\\/11\\\/IMG_2075-1024x768.jpg\",\"datePublished\":\"2025-11-21T22:34:14+00:00\",\"dateModified\":\"2025-11-26T06:52:52+00:00\",\"breadcrumb\":{\"@id\":\"https:\\\/\\\/openbeatz.de\\\/camping\\\/glamping\\\/#breadcrumb\"},\"inLanguage\":\"en-US\",\"potentialAction\":[{\"@type\":\"ReadAction\",\"target\":[\"https:\\\/\\\/openbeatz.de\\\/camping\\\/glamping\\\/\"]}]},{\"@type\":\"ImageObject\",\"inLanguage\":\"en-US\",\"@id\":\"https:\\\/\\\/openbeatz.de\\\/camping\\\/glamping\\\/#primaryimage\",\"url\":\"https:\\\/\\\/openbeatz.de\\\/wp-content\\\/uploads\\\/2025\\\/11\\\/IMG_2075-1024x768.jpg\",\"contentUrl\":\"https:\\\/\\\/openbeatz.de\\\/wp-content\\\/uploads\\\/2025\\\/11\\\/IMG_2075-1024x768.jpg\"},{\"@type\":\"BreadcrumbList\",\"@id\":\"https:\\\/\\\/openbeatz.de\\\/camping\\\/glamping\\\/#breadcrumb\",\"itemListElement\":[{\"@type\":\"ListItem\",\"position\":1,\"name\":\"Start\",\"item\":\"https:\\\/\\\/openbeatz.de\\\/\"},{\"@type\":\"ListItem\",\"position\":2,\"name\":\"Camping\",\"item\":\"https:\\\/\\\/openbeatz.de\\\/camping\\\/\"},{\"@type\":\"ListItem\",\"position\":3,\"name\":\"Deluxe Camping\"}]},{\"@type\":\"WebSite\",\"@id\":\"https:\\\/\\\/openbeatz.de\\\/#website\",\"url\":\"https:\\\/\\\/openbeatz.de\\\/\",\"name\":\"Open Beatz Festival 24.-26. Juli 2026 bei N\u00fcrnberg\",\"description\":\"\",\"publisher\":{\"@id\":\"https:\\\/\\\/openbeatz.de\\\/#organization\"},\"potentialAction\":[{\"@type\":\"SearchAction\",\"target\":{\"@type\":\"EntryPoint\",\"urlTemplate\":\"https:\\\/\\\/openbeatz.de\\\/?s={search_term_string}\"},\"query-input\":{\"@type\":\"PropertyValueSpecification\",\"valueRequired\":true,\"valueName\":\"search_term_string\"}}],\"inLanguage\":\"en-US\"},{\"@type\":\"Organization\",\"@id\":\"https:\\\/\\\/openbeatz.de\\\/#organization\",\"name\":\"Open Beatz Festival 24.-26. Juli 2026 bei N\u00fcrnberg\",\"url\":\"https:\\\/\\\/openbeatz.de\\\/\",\"logo\":{\"@type\":\"ImageObject\",\"inLanguage\":\"en-US\",\"@id\":\"https:\\\/\\\/openbeatz.de\\\/#\\\/schema\\\/logo\\\/image\\\/\",\"url\":\"https:\\\/\\\/openbeatz.de\\\/wp-content\\\/uploads\\\/2024\\\/11\\\/obf-logo.webp\",\"contentUrl\":\"https:\\\/\\\/openbeatz.de\\\/wp-content\\\/uploads\\\/2024\\\/11\\\/obf-logo.webp\",\"width\":1001,\"height\":1001,\"caption\":\"Open Beatz Festival 24.-26. Juli 2026 bei N\u00fcrnberg\"},\"image\":{\"@id\":\"https:\\\/\\\/openbeatz.de\\\/#\\\/schema\\\/logo\\\/image\\\/\"}}]}<\/script>\n<!-- \/ Yoast SEO plugin. -->","yoast_head_json":{"title":"Deluxe Camping - Open Beatz Festival 24.-26. Juli 2026 bei N\u00fcrnberg","robots":{"index":"index","follow":"follow","max-snippet":"max-snippet:-1","max-image-preview":"max-image-preview:large","max-video-preview":"max-video-preview:-1"},"canonical":"https:\/\/openbeatz.de\/en\/camping\/glamping\/","og_locale":"en_US","og_type":"article","og_title":"Deluxe Camping - Open Beatz Festival 24.-26. Juli 2026 bei N\u00fcrnberg","og_description":"OPEN BEATZ deluxe CAMP WILLKOMMEN IM DELUXE CAMP &#8211; Der LUXURI\u00d6SEn ART DES CAMPENS AM OPEN beatz FESTIVAL Unser Deluxe Camp liegt in bester Lage am Campingplatz mit kurzen Laufwegen zum Markplatz und befindet sich in einem eigenen, separat abgetrennten Bereich, der nur f\u00fcr Deluxe Camper zug\u00e4nglich ist. Euch erwarten gem\u00fctliche Unterk\u00fcnfte mit einem eigenen Sanit\u00e4rbereich mit Duschen und Toiletten, der nur den Deluxe Camper:innen zur Verf\u00fcgung steht. Zur Auswahl steht eine Vielzahl an Deluxe Unterk\u00fcnften &#8211; so findet jede:r die passende Unterkunft. Hol dir dein Deluxe Zelt indem du es entweder direkt im Ticketshop oder in deinemMyTicket Portal dazubuchst.","og_url":"https:\/\/openbeatz.de\/en\/camping\/glamping\/","og_site_name":"Open Beatz Festival 24.-26. Juli 2026 bei N\u00fcrnberg","article_modified_time":"2025-11-26T06:52:52+00:00","og_image":[{"width":1500,"height":1125,"url":"https:\/\/openbeatz.de\/wp-content\/uploads\/2025\/11\/IMG_2075-e1770642019208.jpg","type":"image\/jpeg"}],"twitter_card":"summary_large_image","twitter_misc":{"Est. reading time":"1 minute"},"schema":{"@context":"https:\/\/schema.org","@graph":[{"@type":"WebPage","@id":"https:\/\/openbeatz.de\/camping\/glamping\/","url":"https:\/\/openbeatz.de\/camping\/glamping\/","name":"Deluxe Camping - Open Beatz Festival 24.-26. Juli 2026 bei N\u00fcrnberg","isPartOf":{"@id":"https:\/\/openbeatz.de\/#website"},"primaryImageOfPage":{"@id":"https:\/\/openbeatz.de\/camping\/glamping\/#primaryimage"},"image":{"@id":"https:\/\/openbeatz.de\/camping\/glamping\/#primaryimage"},"thumbnailUrl":"https:\/\/openbeatz.de\/wp-content\/uploads\/2025\/11\/IMG_2075-1024x768.jpg","datePublished":"2025-11-21T22:34:14+00:00","dateModified":"2025-11-26T06:52:52+00:00","breadcrumb":{"@id":"https:\/\/openbeatz.de\/camping\/glamping\/#breadcrumb"},"inLanguage":"en-US","potentialAction":[{"@type":"ReadAction","target":["https:\/\/openbeatz.de\/camping\/glamping\/"]}]},{"@type":"ImageObject","inLanguage":"en-US","@id":"https:\/\/openbeatz.de\/camping\/glamping\/#primaryimage","url":"https:\/\/openbeatz.de\/wp-content\/uploads\/2025\/11\/IMG_2075-1024x768.jpg","contentUrl":"https:\/\/openbeatz.de\/wp-content\/uploads\/2025\/11\/IMG_2075-1024x768.jpg"},{"@type":"BreadcrumbList","@id":"https:\/\/openbeatz.de\/camping\/glamping\/#breadcrumb","itemListElement":[{"@type":"ListItem","position":1,"name":"Start","item":"https:\/\/openbeatz.de\/"},{"@type":"ListItem","position":2,"name":"Camping","item":"https:\/\/openbeatz.de\/camping\/"},{"@type":"ListItem","position":3,"name":"Deluxe Camping"}]},{"@type":"WebSite","@id":"https:\/\/openbeatz.de\/#website","url":"https:\/\/openbeatz.de\/","name":"Open Beatz Festival 24.-26. Juli 2026 bei N\u00fcrnberg","description":"","publisher":{"@id":"https:\/\/openbeatz.de\/#organization"},"potentialAction":[{"@type":"SearchAction","target":{"@type":"EntryPoint","urlTemplate":"https:\/\/openbeatz.de\/?s={search_term_string}"},"query-input":{"@type":"PropertyValueSpecification","valueRequired":true,"valueName":"search_term_string"}}],"inLanguage":"en-US"},{"@type":"Organization","@id":"https:\/\/openbeatz.de\/#organization","name":"Open Beatz Festival 24.-26. Juli 2026 bei N\u00fcrnberg","url":"https:\/\/openbeatz.de\/","logo":{"@type":"ImageObject","inLanguage":"en-US","@id":"https:\/\/openbeatz.de\/#\/schema\/logo\/image\/","url":"https:\/\/openbeatz.de\/wp-content\/uploads\/2024\/11\/obf-logo.webp","contentUrl":"https:\/\/openbeatz.de\/wp-content\/uploads\/2024\/11\/obf-logo.webp","width":1001,"height":1001,"caption":"Open Beatz Festival 24.-26. Juli 2026 bei N\u00fcrnberg"},"image":{"@id":"https:\/\/openbeatz.de\/#\/schema\/logo\/image\/"}}]}},"uagb_featured_image_src":{"full":false,"thumbnail":false,"medium":false,"medium_large":false,"large":false,"1536x1536":false,"2048x2048":false,"trp-custom-language-flag":false,"chaanz-webclip":false,"chaanz-hero":false},"uagb_author_info":{"display_name":"roaring_rabbit","author_link":"https:\/\/openbeatz.de\/en\/author\/roaring_rabbit\/"},"uagb_comment_info":0,"uagb_excerpt":"OPEN BEATZ deluxe CAMP WILLKOMMEN IM DELUXE CAMP &#8211; Der LUXURI\u00d6SEn ART DES CAMPENS AM OPEN beatz FESTIVAL Unser Deluxe Camp liegt in bester Lage am Campingplatz mit kurzen Laufwegen zum Markplatz und befindet sich in einem eigenen, separat abgetrennten Bereich, der nur f\u00fcr Deluxe Camper zug\u00e4nglich ist. Euch erwarten gem\u00fctliche Unterk\u00fcnfte mit einem eigenen&hellip;","_links":{"self":[{"href":"https:\/\/openbeatz.de\/en\/wp-json\/wp\/v2\/pages\/3363","targetHints":{"allow":["GET"]}}],"collection":[{"href":"https:\/\/openbeatz.de\/en\/wp-json\/wp\/v2\/pages"}],"about":[{"href":"https:\/\/openbeatz.de\/en\/wp-json\/wp\/v2\/types\/page"}],"author":[{"embeddable":true,"href":"https:\/\/openbeatz.de\/en\/wp-json\/wp\/v2\/users\/1"}],"replies":[{"embeddable":true,"href":"https:\/\/openbeatz.de\/en\/wp-json\/wp\/v2\/comments?post=3363"}],"version-history":[{"count":10,"href":"https:\/\/openbeatz.de\/en\/wp-json\/wp\/v2\/pages\/3363\/revisions"}],"predecessor-version":[{"id":3530,"href":"https:\/\/openbeatz.de\/en\/wp-json\/wp\/v2\/pages\/3363\/revisions\/3530"}],"up":[{"embeddable":true,"href":"https:\/\/openbeatz.de\/en\/wp-json\/wp\/v2\/pages\/931"}],"wp:attachment":[{"href":"https:\/\/openbeatz.de\/en\/wp-json\/wp\/v2\/media?parent=3363"}],"curies":[{"name":"wp","href":"https:\/\/api.w.org\/{rel}","templated":true}]}}