{"id":1600,"date":"2024-12-05T09:19:49","date_gmt":"2024-12-05T08:19:49","guid":{"rendered":"https:\/\/openbeatz.de\/?page_id=1600"},"modified":"2024-12-12T13:07:55","modified_gmt":"2024-12-12T12:07:55","slug":"zusatzartikel","status":"publish","type":"page","link":"https:\/\/openbeatz.de\/en\/zusatzartikel\/","title":{"rendered":"Add-on item"},"content":{"rendered":"<div class=\"wp-block-group is-layout-flow wp-block-group-is-layout-flow\" style=\"margin-top:0;margin-bottom:0\">\n<div class=\"wp-block-cover aligncenter has-custom-content-position is-position-bottom-center hero-height-fix has-base-color has-text-color has-link-color wp-elements-491b253c80a5634060022d4f43bcf209\" style=\"margin-top:0;margin-bottom:0;padding-top:var(--wp--preset--spacing--70);padding-right:0;padding-bottom:var(--wp--preset--spacing--70);padding-left:0;min-height:768px;aspect-ratio:unset;\"><span aria-hidden=\"true\" class=\"wp-block-cover__background has-contrast-2-background-color has-background-dim-30 has-background-dim\"><\/span><img fetchpriority=\"high\" decoding=\"async\" width=\"1920\" height=\"1280\" class=\"wp-block-cover__image-background wp-image-1945\" alt=\"\" src=\"https:\/\/openbeatz.de\/wp-content\/uploads\/2024\/12\/OB23-07-28_@niclas_ruehl_NIC09493.jpg\" data-object-fit=\"cover\" srcset=\"https:\/\/openbeatz.de\/wp-content\/uploads\/2024\/12\/OB23-07-28_@niclas_ruehl_NIC09493.jpg 1920w, https:\/\/openbeatz.de\/wp-content\/uploads\/2024\/12\/OB23-07-28_@niclas_ruehl_NIC09493-300x200.jpg 300w, https:\/\/openbeatz.de\/wp-content\/uploads\/2024\/12\/OB23-07-28_@niclas_ruehl_NIC09493-768x512.jpg 768w, https:\/\/openbeatz.de\/wp-content\/uploads\/2024\/12\/OB23-07-28_@niclas_ruehl_NIC09493-1024x683.jpg 1024w, https:\/\/openbeatz.de\/wp-content\/uploads\/2024\/12\/OB23-07-28_@niclas_ruehl_NIC09493-1536x1024.jpg 1536w, https:\/\/openbeatz.de\/wp-content\/uploads\/2024\/12\/OB23-07-28_@niclas_ruehl_NIC09493-18x12.jpg 18w\" sizes=\"(max-width: 1920px) 100vw, 1920px\" \/><div class=\"wp-block-cover__inner-container has-global-padding is-layout-constrained wp-container-core-cover-is-layout-2dc0b762 wp-block-cover-is-layout-constrained\">\n<div class=\"wp-block-group alignwide is-layout-flow wp-container-core-group-is-layout-a77db08e wp-block-group-is-layout-flow\">\n<h1 class=\"wp-block-heading has-text-align-left\" style=\"margin-top:0;margin-right:0;margin-bottom:0;margin-left:0;padding-top:0;padding-right:0;padding-bottom:0;padding-left:0;font-size:clamp(36.08px, 2.255rem + ((1vw - 3.2px) * 2.184), 66px);\">Add-on item<\/h1>\n<\/div>\n\n\n\n<figure class=\"wp-block-image aligncenter size-full is-resized is-hidden--tablet is-hidden--desktop\"><img decoding=\"async\" src=\"https:\/\/openbeatz.de\/wp-content\/themes\/obf\/assets\/icons\/chevron.webp\" alt=\"Chevron\" style=\"object-fit:contain;width:60px;height:60px\"\/><\/figure>\n<\/div><\/div>\n<\/div>\n\n\n\n<div class=\"wp-block-group alignfull has-base-color has-contrast-2-background-color has-text-color has-background has-link-color wp-elements-e20625920995bbcd92c201c0478e1555 has-global-padding is-content-justification-center is-layout-constrained wp-container-core-group-is-layout-04e62d29 wp-block-group-is-layout-constrained\" style=\"margin-top:0;margin-bottom:0;padding-top:var(--wp--preset--spacing--80);padding-right:var(--wp--preset--spacing--50);padding-bottom:var(--wp--preset--spacing--70);padding-left:var(--wp--preset--spacing--50)\">\n<h2 class=\"wp-block-heading has-base-color has-text-color has-link-color wp-elements-275a3f2b4dd63314450761376c04966e\"><strong><strong>What are additional items?<\/strong><\/strong><\/h2>\n\n\n\n<p>Additional items are tickets that can be added to your main ticket (= festival ticket).<br><br><\/p>\n\n\n\n<h4 class=\"wp-block-heading has-base-color has-text-color has-link-color wp-elements-6b1f5289b2eb57b7ae3bea2899295ea1\"><strong>Attention!<\/strong><\/h4>\n\n\n\n<p>Only additional items that are valid in combination with your main ticket can be booked. Combinations.&nbsp;<a href=\"https:\/\/openbeatz.de\/en\/zusatzartike\/#tabelle\">See below.<\/a>.<\/p>\n\n\n\n<div style=\"height:41px\" aria-hidden=\"true\" class=\"wp-block-spacer\"><\/div>\n\n\n\n<h2 class=\"wp-block-heading has-base-color has-text-color has-link-color wp-elements-c73cb06d4ecf3ef90c28d08b0409ee97\"><strong>How can additional items be booked?<\/strong><\/h2>\n\n\n\n<p>You can purchase additional items in two ways: either during the&nbsp;<a href=\"https:\/\/openbeatz.de\/en\/tickets\/\">ordering process.<\/a>&nbsp;main ticket purchase process or later in the&nbsp;<a href=\"https:\/\/www.ticketpay.de\/ticketportal\">My-Ticket Portal<\/a>.<br><\/p>\n\n\n\n<p><br><\/p>\n\n\n\n<div class=\"wp-block-columns is-layout-flex wp-container-core-columns-is-layout-28f84493 wp-block-columns-is-layout-flex\">\n<div class=\"wp-block-column is-layout-flow wp-block-column-is-layout-flow\">\n<h4 class=\"wp-block-heading has-base-color has-text-color has-link-color wp-elements-a3589de14064b81bd19d71486b533517\">During the ordering process<\/h4>\n\n\n\n<ol class=\"wp-block-list\">\n<li>Ticketshop (<a href=\"https:\/\/openbeatz.de\/en\/tickets\/\">www.openbeatz.de\/tickets<\/a>) open<\/li>\n\n\n\n<li>Select the main ticket, choose the quantity, and add it to the cart.<\/li>\n\n\n\n<li>Clickc\u201enext\u201c<\/li>\n\n\n\n<li>In the second step, you will find all additional items available for your selected ticket.<\/li>\n\n\n\n<li>Select the desired additional items, choose the quantity, and add them to the cart.<\/li>\n\n\n\n<li>Clickc\u201enext\u201c<\/li>\n\n\n\n<li>Provide customer details.<\/li>\n\n\n\n<li>Complete the payment.<\/li>\n\n\n\n<li>Afterwards, you will receive an order confirmation at your email address with your personal link to the My-Ticket portal.<\/li>\n\n\n\n<li>Personalize and download the tickets.<\/li>\n<\/ol>\n\n\n\n<p>If you are ordering tickets for yourself and your entire group, we recommend providing the email address of each person for each main ticket. This way, each individual can later purchase additional items, not just the buyer of the main tickets, as each person will have access to their own My-Ticket portal.<br><br><\/p>\n<\/div>\n\n\n\n<div class=\"wp-block-column is-layout-flow wp-block-column-is-layout-flow\">\n<h4 class=\"wp-block-heading has-base-color has-text-color has-link-color wp-elements-7575edf840786c876f0c51596a02511c\">Subsequent booking.<\/h4>\n\n\n\n<h4 class=\"wp-block-heading has-base-color has-text-color has-link-color wp-elements-108f6a9bbd92a41c98638912f3ad8602\">You have ordered your ticket yourself.<\/h4>\n\n\n\n<p>You can find the link to your personal My-Ticket portal in the order confirmation email you received after successful payment. If you can no longer find this email, please click on the following link, enter your email address, and the link will be automatically sent to you again.<br><\/p>\n\n\n\n<figure class=\"wp-block-embed is-type-wp-embed is-provider-online-tickets-verkaufen-mit-ticketpay wp-block-embed-online-tickets-verkaufen-mit-ticketpay\"><div class=\"wp-block-embed__wrapper\">\n<blockquote class=\"wp-embedded-content\" data-secret=\"Kr4B33XaHM\"><a href=\"https:\/\/www.ticketpay.de\/ticketportal\">Access to MyTicket-Portal<\/a><\/blockquote><iframe class=\"wp-embedded-content\" sandbox=\"allow-scripts\" security=\"restricted\" style=\"position: absolute; visibility: hidden;\" title=\"&quot;Access to the MyTicket Portal&quot; \u2014 Selling Online Tickets with TicketPAY\" src=\"https:\/\/www.ticketpay.de\/ticketportal\/embed#?secret=76aewITR0x#?secret=Kr4B33XaHM\" data-secret=\"Kr4B33XaHM\" width=\"500\" height=\"282\" frameborder=\"0\" marginwidth=\"0\" marginheight=\"0\" scrolling=\"no\"><\/iframe>\n<\/div><\/figure>\n\n\n\n<h4 class=\"wp-block-heading has-base-color has-text-color has-link-color wp-elements-5f851f2030ff15c9d05cc11ba26e57d9\">A friend ordered the ticket for you.<\/h4>\n\n\n\n<p>If a friend purchased the ticket for you, only the buyer will receive this email. After the purchase, the buyer must personalize the tickets for each individual. If the buyer provided your personal email address, you should have received your ticket as a PDF in your inbox, along with a link to your personal My-Ticket Portal.\n\nHowever, if the buyer used their own email address for all tickets and sent your ticket to you, e.g., as a PDF via email or WhatsApp, you won't have access to the My-Ticket Portal. In that case, the original buyer needs to either update the email address associated with your ticket in the My-Ticket Portal to yours or purchase any additional items on your behalf.<br><\/p>\n\n\n\n<h4 class=\"wp-block-heading has-base-color has-text-color has-link-color wp-elements-6e7d9d67c28a5b93556ec89164bc8819\"><strong>Im My-Ticket Portal<\/strong><\/h4>\n\n\n\n<p>Once you have access to your My-Ticket Portal, you can easily click on \"Additional Items\" on the right side and purchase items at any time afterward.<\/p>\n\n\n\n<ol class=\"wp-block-list\">\n<li>You will see all the additional items that are compatible with your main ticket.<\/li>\n\n\n\n<li>Select the desired additional items, choose the quantity, and add them to the cart.<\/li>\n\n\n\n<li>Clickc\u201enext\u201c<\/li>\n\n\n\n<li>Provide customer details.<\/li>\n\n\n\n<li>Complete the payment.<\/li>\n\n\n\n<li>Afterward, you will receive a confirmation email, and your additional items will also be visible in your My-Ticket Portal.<br><\/li>\n<\/ol>\n<\/div>\n<\/div>\n\n\n\n<div style=\"height:30px\" aria-hidden=\"true\" class=\"wp-block-spacer\"><\/div>\n\n\n\n<h4 class=\"wp-block-heading has-base-color has-text-color has-link-color wp-elements-768f41275c2b62993c052005e4730f01\" id=\"tabelle\"><br><strong>The following additional items must be personalized.<\/strong>:<\/h4>\n\n\n\n<p>Camping, Car Camping, Green Camping, VIP Tischreservierungen, Battery Box, Hubschrauberrundflug, Tandemsprung<\/p>\n\n\n\n<h4 class=\"wp-block-heading has-base-color has-text-color has-link-color wp-elements-cf6ced64793db55890ee682b54463b7b\" id=\"tabelle\"><br><strong>Folgende Zusatzartikel m\u00fcssen nicht personalisiert werden<\/strong>:<\/h4>\n\n\n\n<p>Parking tickets\nFerris wheel flat rate\nBus tickets\nLockers\nBeer pre-order<br><\/p>\n\n\n\n<h4 class=\"wp-block-heading has-base-color has-text-color has-link-color wp-elements-272b05d9f2b44be0f089aa6190ec22bf\" id=\"tabelle\"><br>welche Zusatzartikel k\u00f6nnen miteinander kombiniert werden?<\/h4>\n\n\n\n<p><br><\/p>\n\n\n\n<figure class=\"wp-block-image size-large is-resized\"><img decoding=\"async\" width=\"1024\" height=\"724\" src=\"https:\/\/openbeatz.de\/wp-content\/uploads\/2024\/12\/2024_OB_Ticketkombinationen_Hochformat_final-1024x724.jpg\" alt=\"\" class=\"wp-image-1789\" style=\"width:634px;height:auto\" srcset=\"https:\/\/openbeatz.de\/wp-content\/uploads\/2024\/12\/2024_OB_Ticketkombinationen_Hochformat_final-1024x724.jpg 1024w, https:\/\/openbeatz.de\/wp-content\/uploads\/2024\/12\/2024_OB_Ticketkombinationen_Hochformat_final-300x212.jpg 300w, https:\/\/openbeatz.de\/wp-content\/uploads\/2024\/12\/2024_OB_Ticketkombinationen_Hochformat_final-768x543.jpg 768w, https:\/\/openbeatz.de\/wp-content\/uploads\/2024\/12\/2024_OB_Ticketkombinationen_Hochformat_final-1536x1086.jpg 1536w, https:\/\/openbeatz.de\/wp-content\/uploads\/2024\/12\/2024_OB_Ticketkombinationen_Hochformat_final-18x12.jpg 18w, https:\/\/openbeatz.de\/wp-content\/uploads\/2024\/12\/2024_OB_Ticketkombinationen_Hochformat_final.jpg 1920w\" sizes=\"(max-width: 1024px) 100vw, 1024px\" \/><\/figure>\n\n\n\n<div style=\"height:32px\" aria-hidden=\"true\" class=\"wp-block-spacer\"><\/div>\n\n\n\n<p class=\"has-text-align-center has-medium-font-size\"><br>If there's still something unclear, we'll be happy to clarify!<br><\/p>\n\n\n\n<p class=\"has-text-align-center has-medium-font-size\">Please just contact us!<br><br><\/p>\n\n\n\n<div class=\"wp-block-buttons is-content-justification-center is-layout-flex wp-container-core-buttons-is-layout-a89b3969 wp-block-buttons-is-layout-flex\">\n<div class=\"wp-block-button is-style-fill\" style=\"font-style:normal;font-weight:900;letter-spacing:0.02em;text-transform:uppercase\"><a class=\"wp-block-button__link has-base-color has-turkis-background-color has-text-color has-background has-link-color wp-element-button\" href=\"https:\/\/openbeatz.de\/en\/contact\/\" style=\"border-radius:50px;padding-right:var(--wp--preset--spacing--50);padding-left:var(--wp--preset--spacing--50)\">Contact<\/a><\/div>\n<\/div>\n\n\n\n<p><\/p>\n<\/div>","protected":false},"excerpt":{"rendered":"<p>Was sind Zusatzartikel? Zusatzartikel sind Tickets die zu deinem Hauptticket (= Festivalticket) hinzugebucht werden k\u00f6nnen. Achtung! Es k\u00f6nnen ausschlie\u00dflich Zusatzartikel gebucht werden, die in Kombination mit deinem Hauptticket g\u00fcltig sind. Kombinationen&nbsp;siehe unten. Wie kann man Zusatzartikel buchen? Zusatzartikel kannst du auf zwei Wegen kaufen: Entweder w\u00e4hrend des&nbsp;Bestellprozesses&nbsp;des Haupttickets oder nachtr\u00e4glich im&nbsp;My-Ticket Portal. W\u00e4hrend des Bestellprozesses Solltest du f\u00fcr dich und deine gesamte Gruppe Tickets bestellen empfehlen wir dir f\u00fcr jedes Hauptticket die Mailadresse der jeweiligen Person anzugeben. Dadurch kann jede einzelne Person nachtr\u00e4glich Zusatzartikel kaufen und nicht nur der\/die K\u00e4ufer:in der Haupttickets, da jede einzelne Person einen Zugang zum My-Ticket Portal hat. Nachtr\u00e4gliche Buchung Du hast dein Ticket selbst bestellt Den Link zu deinem pers\u00f6nlichen My-Ticket Portal findest du in der Bestellbest\u00e4tigungsmail, welchen du nach erfolgreicher Zahlung erhalten hast. Solltest du diese Mail nicht mehr finden, klicke bitte auf folgenden Link, gib dort deine Mailadresse ein und dir wird der Link automatisch noch einmal zugeschickt. Ein Freund hat das Ticket f\u00fcr dich mitbestellt Sollte ein:e Freund:in f\u00fcr dich das Ticket mitbestellt haben, erh\u00e4lt nur der\/die K\u00e4ufer:in diese Mail. Nach dem Kauf muss der\/die K\u00e4ufer:in die Tickets noch auf jede einzelne Person personalisieren. Wenn der\/die K\u00e4ufer:in bei jeder Person die individuelle Mailadresse angegeben hat, hast du dein Ticket als PDF auf deine Mailadresse bekommen und findest dort ebenfalls den Link zu deinem pers\u00f6nlichem My-Ticket Portal. Sollte der\/die K\u00e4ufer:in bei jeder Person seine eigene Mailadresse eingegeben haben und dir das Ticket z.B. als PDF per Mail oder WhatsApp geschickt haben, hast du keinen Zugang zum My-Ticket Portal. In diesem Fall muss der\/die urspr\u00fcngliche K\u00e4ufer:in entweder im My-Ticket-Portal die E-Mail-Adresse bei deinem Ticket zu Deiner \u00e4ndern oder die Zusatzartikel f\u00fcr dich kaufen. Im My-Ticket Portal Sobald du den Zugang zu deinem My-Ticket Portal hast kannst du dort einfach auf der rechten Seite auf Zusatzartikel klicken und jederzeit nachtr\u00e4glich Artikel kaufen. Folgende Zusatzartikel m\u00fcssen personalisiert werden: Camping, Car Camping, Green Camping, VIP Tischreservierungen, Battery Box, Hubschrauberrundflug, Tandemsprung Folgende Zusatzartikel m\u00fcssen nicht personalisiert werden: Parktickets, Riesenrad Flatrate, Bustickets, Locker, Bier Pree Order welche Zusatzartikel k\u00f6nnen miteinander kombiniert werden? Immer noch unklar? Dann wende dich einfach direkt an uns!<\/p>","protected":false},"author":1,"featured_media":0,"parent":0,"menu_order":0,"comment_status":"closed","ping_status":"closed","template":"","meta":{"_uag_custom_page_level_css":"","footnotes":""},"class_list":["post-1600","page","type-page","status-publish","hentry"],"uagb_featured_image_src":{"full":false,"thumbnail":false,"medium":false,"medium_large":false,"large":false,"1536x1536":false,"2048x2048":false,"trp-custom-language-flag":false,"chaanz-webclip":false,"chaanz-hero":false},"uagb_author_info":{"display_name":"roaring_rabbit","author_link":"https:\/\/openbeatz.de\/en\/author\/roaring_rabbit\/"},"uagb_comment_info":0,"uagb_excerpt":"Was sind Zusatzartikel? Zusatzartikel sind Tickets die zu deinem Hauptticket (= Festivalticket) hinzugebucht werden k\u00f6nnen. Achtung! Es k\u00f6nnen ausschlie\u00dflich Zusatzartikel gebucht werden, die in Kombination mit deinem Hauptticket g\u00fcltig sind. Kombinationen&nbsp;siehe unten. Wie kann man Zusatzartikel buchen? Zusatzartikel kannst du auf zwei Wegen kaufen: Entweder w\u00e4hrend des&nbsp;Bestellprozesses&nbsp;des Haupttickets oder nachtr\u00e4glich im&nbsp;My-Ticket Portal. W\u00e4hrend des Bestellprozesses&hellip;","_links":{"self":[{"href":"https:\/\/openbeatz.de\/en\/wp-json\/wp\/v2\/pages\/1600","targetHints":{"allow":["GET"]}}],"collection":[{"href":"https:\/\/openbeatz.de\/en\/wp-json\/wp\/v2\/pages"}],"about":[{"href":"https:\/\/openbeatz.de\/en\/wp-json\/wp\/v2\/types\/page"}],"author":[{"embeddable":true,"href":"https:\/\/openbeatz.de\/en\/wp-json\/wp\/v2\/users\/1"}],"replies":[{"embeddable":true,"href":"https:\/\/openbeatz.de\/en\/wp-json\/wp\/v2\/comments?post=1600"}],"version-history":[{"count":0,"href":"https:\/\/openbeatz.de\/en\/wp-json\/wp\/v2\/pages\/1600\/revisions"}],"wp:attachment":[{"href":"https:\/\/openbeatz.de\/en\/wp-json\/wp\/v2\/media?parent=1600"}],"curies":[{"name":"wp","href":"https:\/\/api.w.org\/{rel}","templated":true}]}}